{"id":5563,"date":"2019-07-16T14:38:59","date_gmt":"2019-07-16T12:38:59","guid":{"rendered":"https:\/\/events.agilekmu.ch\/?page_id=5563"},"modified":"2019-09-11T14:38:49","modified_gmt":"2019-09-11T12:38:49","slug":"ablauf-und-programm","status":"publish","type":"page","link":"https:\/\/seitenhub.ch\/agile-events\/home\/luzern\/details-luzern-2019\/ablauf-und-programm\/","title":{"rendered":"Ablauf und Programm"},"content":{"rendered":"\t\t<div data-elementor-type=\"wp-page\" data-elementor-id=\"5563\" class=\"elementor elementor-5563\" data-elementor-settings=\"{&quot;element_pack_global_tooltip_width&quot;:{&quot;unit&quot;:&quot;px&quot;,&quot;size&quot;:&quot;&quot;,&quot;sizes&quot;:[]},&quot;element_pack_global_tooltip_width_tablet&quot;:{&quot;unit&quot;:&quot;px&quot;,&quot;size&quot;:&quot;&quot;,&quot;sizes&quot;:[]},&quot;element_pack_global_tooltip_width_mobile&quot;:{&quot;unit&quot;:&quot;px&quot;,&quot;size&quot;:&quot;&quot;,&quot;sizes&quot;:[]},&quot;element_pack_global_tooltip_padding&quot;:{&quot;unit&quot;:&quot;px&quot;,&quot;top&quot;:&quot;&quot;,&quot;right&quot;:&quot;&quot;,&quot;bottom&quot;:&quot;&quot;,&quot;left&quot;:&quot;&quot;,&quot;isLinked&quot;:true},&quot;element_pack_global_tooltip_padding_tablet&quot;:{&quot;unit&quot;:&quot;px&quot;,&quot;top&quot;:&quot;&quot;,&quot;right&quot;:&quot;&quot;,&quot;bottom&quot;:&quot;&quot;,&quot;left&quot;:&quot;&quot;,&quot;isLinked&quot;:true},&quot;element_pack_global_tooltip_padding_mobile&quot;:{&quot;unit&quot;:&quot;px&quot;,&quot;top&quot;:&quot;&quot;,&quot;right&quot;:&quot;&quot;,&quot;bottom&quot;:&quot;&quot;,&quot;left&quot;:&quot;&quot;,&quot;isLinked&quot;:true},&quot;element_pack_global_tooltip_border_radius&quot;:{&quot;unit&quot;:&quot;px&quot;,&quot;top&quot;:&quot;&quot;,&quot;right&quot;:&quot;&quot;,&quot;bottom&quot;:&quot;&quot;,&quot;left&quot;:&quot;&quot;,&quot;isLinked&quot;:true},&quot;element_pack_global_tooltip_border_radius_tablet&quot;:{&quot;unit&quot;:&quot;px&quot;,&quot;top&quot;:&quot;&quot;,&quot;right&quot;:&quot;&quot;,&quot;bottom&quot;:&quot;&quot;,&quot;left&quot;:&quot;&quot;,&quot;isLinked&quot;:true},&quot;element_pack_global_tooltip_border_radius_mobile&quot;:{&quot;unit&quot;:&quot;px&quot;,&quot;top&quot;:&quot;&quot;,&quot;right&quot;:&quot;&quot;,&quot;bottom&quot;:&quot;&quot;,&quot;left&quot;:&quot;&quot;,&quot;isLinked&quot;:true}}\" data-elementor-post-type=\"page\">\n\t\t\t\t\t\t<section class=\"elementor-section elementor-top-section elementor-element elementor-element-3b4f5a7 elementor-section-boxed elementor-section-height-default elementor-section-height-default\" data-id=\"3b4f5a7\" data-element_type=\"section\" data-e-type=\"section\">\n\t\t\t\t\t\t<div class=\"elementor-container elementor-column-gap-default\">\n\t\t\t\t\t<div class=\"elementor-column elementor-col-100 elementor-top-column elementor-element elementor-element-3cc10b5\" data-id=\"3cc10b5\" data-element_type=\"column\" data-e-type=\"column\">\n\t\t\t<div class=\"elementor-widget-wrap elementor-element-populated\">\n\t\t\t\t\t\t<div class=\"elementor-element elementor-element-748981d elementor-hidden-tablet elementor-hidden-phone elementor-widget elementor-widget-spacer\" data-id=\"748981d\" data-element_type=\"widget\" data-e-type=\"widget\" data-widget_type=\"spacer.default\">\n\t\t\t\t<div class=\"elementor-widget-container\">\n\t\t\t\t\t\t\t<div class=\"elementor-spacer\">\n\t\t\t<div class=\"elementor-spacer-inner\"><\/div>\n\t\t<\/div>\n\t\t\t\t\t\t<\/div>\n\t\t\t\t<\/div>\n\t\t\t\t<div class=\"elementor-element elementor-element-af749b5 elementor-widget elementor-widget-image\" data-id=\"af749b5\" data-element_type=\"widget\" data-e-type=\"widget\" data-widget_type=\"image.default\">\n\t\t\t\t<div class=\"elementor-widget-container\">\n\t\t\t\t\t\t\t\t\t\t\t\t\t\t\t<img fetchpriority=\"high\" decoding=\"async\" width=\"1497\" height=\"1227\" src=\"https:\/\/seitenhub.ch\/agile-events\/wp-content\/uploads\/sites\/14\/2019\/09\/agilekmu-luzern-2019-tagesablauf-190912-190911.jpg\" class=\"attachment-full size-full wp-image-6192\" alt=\"Programm agile KMU Forum Luzern\" srcset=\"https:\/\/seitenhub.ch\/agile-events\/wp-content\/uploads\/sites\/14\/2019\/09\/agilekmu-luzern-2019-tagesablauf-190912-190911.jpg 1497w, https:\/\/seitenhub.ch\/agile-events\/wp-content\/uploads\/sites\/14\/2019\/09\/agilekmu-luzern-2019-tagesablauf-190912-190911-200x164.jpg 200w, https:\/\/seitenhub.ch\/agile-events\/wp-content\/uploads\/sites\/14\/2019\/09\/agilekmu-luzern-2019-tagesablauf-190912-190911-768x629.jpg 768w, https:\/\/seitenhub.ch\/agile-events\/wp-content\/uploads\/sites\/14\/2019\/09\/agilekmu-luzern-2019-tagesablauf-190912-190911-1024x839.jpg 1024w\" sizes=\"(max-width: 1497px) 100vw, 1497px\" \/>\t\t\t\t\t\t\t\t\t\t\t\t\t\t\t<\/div>\n\t\t\t\t<\/div>\n\t\t\t\t\t<\/div>\n\t\t<\/div>\n\t\t\t\t\t<\/div>\n\t\t<\/section>\n\t\t\t\t<section class=\"elementor-section elementor-top-section elementor-element elementor-element-08752c2 elementor-section-boxed elementor-section-height-default elementor-section-height-default\" data-id=\"08752c2\" data-element_type=\"section\" data-e-type=\"section\">\n\t\t\t\t\t\t<div class=\"elementor-container elementor-column-gap-default\">\n\t\t\t\t\t<div class=\"elementor-column elementor-col-100 elementor-top-column elementor-element elementor-element-284aa3d\" data-id=\"284aa3d\" data-element_type=\"column\" data-e-type=\"column\">\n\t\t\t<div class=\"elementor-widget-wrap elementor-element-populated\">\n\t\t\t\t\t\t<div class=\"elementor-element elementor-element-3242642 elementor-widget elementor-widget-accordion\" data-id=\"3242642\" data-element_type=\"widget\" data-e-type=\"widget\" data-widget_type=\"accordion.default\">\n\t\t\t\t<div class=\"elementor-widget-container\">\n\t\t\t\t\t\t\t<div class=\"elementor-accordion\">\n\t\t\t\t\t\t\t<div class=\"elementor-accordion-item\">\n\t\t\t\t\t<div id=\"elementor-tab-title-5271\" class=\"elementor-tab-title\" data-tab=\"1\" role=\"button\" aria-controls=\"elementor-tab-content-5271\" aria-expanded=\"false\">\n\t\t\t\t\t\t\t\t\t\t\t\t\t<span class=\"elementor-accordion-icon elementor-accordion-icon-left\" aria-hidden=\"true\">\n\t\t\t\t\t\t\t\t\t\t\t\t\t\t\t<span class=\"elementor-accordion-icon-closed\"><i class=\"fas fa-plus\"><\/i><\/span>\n\t\t\t\t\t\t\t\t<span class=\"elementor-accordion-icon-opened\"><i class=\"fas fa-minus\"><\/i><\/span>\n\t\t\t\t\t\t\t\t\t\t\t\t\t\t<\/span>\n\t\t\t\t\t\t\t\t\t\t\t\t<a class=\"elementor-accordion-title\" tabindex=\"0\">Wo findet die Veranstaltung statt?<\/a>\n\t\t\t\t\t<\/div>\n\t\t\t\t\t<div id=\"elementor-tab-content-5271\" class=\"elementor-tab-content elementor-clearfix\" data-tab=\"1\" role=\"region\" aria-labelledby=\"elementor-tab-title-5271\"><p>Veranstaltungsort des agile KMU Forums ist die Hochschule Luzern (HSLU), am Hauptbahnhof Luzern:<\/p><p>Hochschule Luzern | Inselquai 12 B\u00a0 |\u00a06002 Luzern |\u00a0<a style=\"background-color: #ffffff; font-size: 1.3rem;\" href=\"https:\/\/goo.gl\/maps\/RXBijyXw82MWyzu26\" target=\"_blank\" rel=\"noopener nofollow\">Lageplan<\/a><\/p><\/div>\n\t\t\t\t<\/div>\n\t\t\t\t\t\t\t<div class=\"elementor-accordion-item\">\n\t\t\t\t\t<div id=\"elementor-tab-title-5272\" class=\"elementor-tab-title\" data-tab=\"2\" role=\"button\" aria-controls=\"elementor-tab-content-5272\" aria-expanded=\"false\">\n\t\t\t\t\t\t\t\t\t\t\t\t\t<span class=\"elementor-accordion-icon elementor-accordion-icon-left\" aria-hidden=\"true\">\n\t\t\t\t\t\t\t\t\t\t\t\t\t\t\t<span class=\"elementor-accordion-icon-closed\"><i class=\"fas fa-plus\"><\/i><\/span>\n\t\t\t\t\t\t\t\t<span class=\"elementor-accordion-icon-opened\"><i class=\"fas fa-minus\"><\/i><\/span>\n\t\t\t\t\t\t\t\t\t\t\t\t\t\t<\/span>\n\t\t\t\t\t\t\t\t\t\t\t\t<a class=\"elementor-accordion-title\" tabindex=\"0\">Von wann bis wann dauert die Veranstaltung?<\/a>\n\t\t\t\t\t<\/div>\n\t\t\t\t\t<div id=\"elementor-tab-content-5272\" class=\"elementor-tab-content elementor-clearfix\" data-tab=\"2\" role=\"region\" aria-labelledby=\"elementor-tab-title-5272\"><p>T\u00fcr\u00f6ffnung ist um 8.00 Uhr, der eigentliche Start um 8.30 Uhr. Die letzte der \u00fcber den Tag verteilten Workshop-Sessions endet um 13.15 Uhr, die abschliessende Kurzdiskussion der Ergebnisse um 14.00 Uhr. Danach laden wir Dich zu weiterem Austausch und Diskussionen beim Kaffee ein, um 15 Uhr ist die Veranstaltung beendet. Den gesamten Tagesablauf findest Du auch oben auf dieser Seite.<\/p><\/div>\n\t\t\t\t<\/div>\n\t\t\t\t\t\t\t<div class=\"elementor-accordion-item\">\n\t\t\t\t\t<div id=\"elementor-tab-title-5273\" class=\"elementor-tab-title\" data-tab=\"3\" role=\"button\" aria-controls=\"elementor-tab-content-5273\" aria-expanded=\"false\">\n\t\t\t\t\t\t\t\t\t\t\t\t\t<span class=\"elementor-accordion-icon elementor-accordion-icon-left\" aria-hidden=\"true\">\n\t\t\t\t\t\t\t\t\t\t\t\t\t\t\t<span class=\"elementor-accordion-icon-closed\"><i class=\"fas fa-plus\"><\/i><\/span>\n\t\t\t\t\t\t\t\t<span class=\"elementor-accordion-icon-opened\"><i class=\"fas fa-minus\"><\/i><\/span>\n\t\t\t\t\t\t\t\t\t\t\t\t\t\t<\/span>\n\t\t\t\t\t\t\t\t\t\t\t\t<a class=\"elementor-accordion-title\" tabindex=\"0\">Kann ich einen eigenen Beitrag am agile KMU Forum vorstellen?<\/a>\n\t\t\t\t\t<\/div>\n\t\t\t\t\t<div id=\"elementor-tab-content-5273\" class=\"elementor-tab-content elementor-clearfix\" data-tab=\"3\" role=\"region\" aria-labelledby=\"elementor-tab-title-5273\"><p>Ja, als Teilnehmer bist Du herzlich eingeladen, Dein Know how oder Deine Fragen in das Programm einzubringen.<\/p><p>Wenn Du etwas vorstellen m\u00f6chtest, einen Input hast oder auch eine Frage mitbringst, die Du mit den anderen Teilnehmern und den anwesenden Experten diskutieren m\u00f6chtest, dann kannst Du Deinen Beitrag zusammen mit der Anmeldung\u00a0<a href=\"https:\/\/events.agilekmu.ch\/home\/luzern\/anmeldung\/ohne-beitrag\/?produktname=Teilnehmer%20regul%C3%A4r&amp;produktpreis=200&amp;setmwst=0&amp;teilgeber=Ja\" target=\"_blank\" rel=\"noopener nofollow\">hier\u00a0<\/a>einreichen.<\/p><p>Wenn Du bereits angemeldet bist, kannst Du Beitr\u00e4ge zum Programm\u00a0<a href=\"&#109;&#x61;i&#x6c;&#x74;&#111;&#x3a;t&#x65;&#x61;&#109;&#x40;a&#x67;&#x69;&#108;&#x65;K&#x4d;&#x55;&#46;&#x63;h?subject=Meinen Beitrag zum Programm einreichen\" target=\"_blank\" rel=\"noopener\">hier<\/a>\u00a0nachreichen.<\/p><\/div>\n\t\t\t\t<\/div>\n\t\t\t\t\t\t\t<div class=\"elementor-accordion-item\">\n\t\t\t\t\t<div id=\"elementor-tab-title-5274\" class=\"elementor-tab-title\" data-tab=\"4\" role=\"button\" aria-controls=\"elementor-tab-content-5274\" aria-expanded=\"false\">\n\t\t\t\t\t\t\t\t\t\t\t\t\t<span class=\"elementor-accordion-icon elementor-accordion-icon-left\" aria-hidden=\"true\">\n\t\t\t\t\t\t\t\t\t\t\t\t\t\t\t<span class=\"elementor-accordion-icon-closed\"><i class=\"fas fa-plus\"><\/i><\/span>\n\t\t\t\t\t\t\t\t<span class=\"elementor-accordion-icon-opened\"><i class=\"fas fa-minus\"><\/i><\/span>\n\t\t\t\t\t\t\t\t\t\t\t\t\t\t<\/span>\n\t\t\t\t\t\t\t\t\t\t\t\t<a class=\"elementor-accordion-title\" tabindex=\"0\">Welche Themen sind als Beitrag geeignet?<\/a>\n\t\t\t\t\t<\/div>\n\t\t\t\t\t<div id=\"elementor-tab-content-5274\" class=\"elementor-tab-content elementor-clearfix\" data-tab=\"4\" role=\"region\" aria-labelledby=\"elementor-tab-title-5274\"><p>Als Impulse sind alle Beitr\u00e4ge willkommen, die den Teilnehmenden dabei helfen, das Potenzial von Agilit\u00e4t f\u00fcr Unternehmen, Organisationen und Teams sichtbar und \/ oder nutzbar zu machen. Dazu geh\u00f6ren zum Beispiel<\/p><ul><li>Fallbeispiele, die zeigen, welche Potenziale und Herausforderungen Agilit\u00e4t f\u00fcr Organisationen bereith\u00e4lt.<\/li><li>Inputs \u00fcber Erfahrungen, Know-how, Methoden und Werkzeuge, Konzepte und Ans\u00e4tze zur erfolgreichen Umsetzung.<\/li><li>Genauso willkommen sind auch konkrete Herausforderungen oder Fragen, zu denen Du an der Veranstaltung Anregungen, Ideen oder L\u00f6sungsvorschl\u00e4ge finden m\u00f6chtest.<\/li><\/ul><p>Du kannst F\u00e4lle auch vertraulich einreichen, so dass auf der Webseite vorab keine Informationen publiziert werden.<\/p><\/div>\n\t\t\t\t<\/div>\n\t\t\t\t\t\t\t<div class=\"elementor-accordion-item\">\n\t\t\t\t\t<div id=\"elementor-tab-title-5275\" class=\"elementor-tab-title\" data-tab=\"5\" role=\"button\" aria-controls=\"elementor-tab-content-5275\" aria-expanded=\"false\">\n\t\t\t\t\t\t\t\t\t\t\t\t\t<span class=\"elementor-accordion-icon elementor-accordion-icon-left\" aria-hidden=\"true\">\n\t\t\t\t\t\t\t\t\t\t\t\t\t\t\t<span class=\"elementor-accordion-icon-closed\"><i class=\"fas fa-plus\"><\/i><\/span>\n\t\t\t\t\t\t\t\t<span class=\"elementor-accordion-icon-opened\"><i class=\"fas fa-minus\"><\/i><\/span>\n\t\t\t\t\t\t\t\t\t\t\t\t\t\t<\/span>\n\t\t\t\t\t\t\t\t\t\t\t\t<a class=\"elementor-accordion-title\" tabindex=\"0\">Wie sieht das definitive Programm der Veranstaltung aus?<\/a>\n\t\t\t\t\t<\/div>\n\t\t\t\t\t<div id=\"elementor-tab-content-5275\" class=\"elementor-tab-content elementor-clearfix\" data-tab=\"5\" role=\"region\" aria-labelledby=\"elementor-tab-title-5275\"><p>Das definitive Programm des Tages wird vor Ort von den Teilnehmenden selbst aus allen angebotenen Beitr\u00e4gen zusammengestellt.<\/p><ul><li>Alle angebotenen Beitr\u00e4ge werden zu Beginn des Tages von den Referenten vorgestellt.<\/li><li>In einem moderierten Matching-Verfahren w\u00e4hlen alle Teilnehmenden gemeinsam aus, welche der angebotenen Beitr\u00e4gen in den Workshop-Timeslots behandelt werden. So bestimmst Du das Programm selbst.<\/li><li>Die Zeitstruktur des Forums findest Du oben auf dieser Seite.<\/li><\/ul><div><span style=\"background-color: transparent;\">\u00a0<\/span><\/div><p><span style=\"background-color: transparent;\">Bei entsprechender Nachfrage (und Bereitschaft der Referenten) k\u00f6nnen Beitr\u00e4ge auch mehrmals durchgef\u00fchrt werden.<\/span><\/p><div><span style=\"font-size: 1.3rem;\">Beitr\u00e4ge, die keine Mehrheit f\u00fcr einen der Workshop-Timeslots erhalten, k\u00f6nnen auch bilateral behandelt werden &#8211; im Tagesablauf ist ausreichend Zeit daf\u00fcr eingebaut.<\/span><\/div><div><span style=\"font-size: 1.3rem;\">Die Liste der bereits eingereichten\u00a0Beitr\u00e4ge zum Programm findest Du jeweils\u00a0auf der Homepage. Die Liste wird laufend um weitere eingereichte Beitr\u00e4ge erg\u00e4nzt und aktualisiert. Auch an der Veranstaltung selbst k\u00f6nnen noch Beitr\u00e4ge vorgeschlagen und in das Programm aufgenommen werden.<\/span><\/div><\/div>\n\t\t\t\t<\/div>\n\t\t\t\t\t\t\t<div class=\"elementor-accordion-item\">\n\t\t\t\t\t<div id=\"elementor-tab-title-5276\" class=\"elementor-tab-title\" data-tab=\"6\" role=\"button\" aria-controls=\"elementor-tab-content-5276\" aria-expanded=\"false\">\n\t\t\t\t\t\t\t\t\t\t\t\t\t<span class=\"elementor-accordion-icon elementor-accordion-icon-left\" aria-hidden=\"true\">\n\t\t\t\t\t\t\t\t\t\t\t\t\t\t\t<span class=\"elementor-accordion-icon-closed\"><i class=\"fas fa-plus\"><\/i><\/span>\n\t\t\t\t\t\t\t\t<span class=\"elementor-accordion-icon-opened\"><i class=\"fas fa-minus\"><\/i><\/span>\n\t\t\t\t\t\t\t\t\t\t\t\t\t\t<\/span>\n\t\t\t\t\t\t\t\t\t\t\t\t<a class=\"elementor-accordion-title\" tabindex=\"0\">Was kostet die Teilnahme an der Veranstaltung?<\/a>\n\t\t\t\t\t<\/div>\n\t\t\t\t\t<div id=\"elementor-tab-content-5276\" class=\"elementor-tab-content elementor-clearfix\" data-tab=\"6\" role=\"region\" aria-labelledby=\"elementor-tab-title-5276\"><p>Die Teilnahme f\u00fcr die gesamte Veranstaltung inklusive Verpflegung, alle Workshops und Unterlagen kostet regul\u00e4r CHF 200.<\/p><p>G\u00e4ste der Partner des agile KMU Forums k\u00f6nnen mit einem entsprechenden Einladungscode kostenlos oder zu Spezialkonditionen an der Veranstaltung teilnehmen. Wenn Du einen entsprechenden Einladungscode erhalten hast, dann gib diesen im\u00a0Anmeldeformular\u00a0ein und klicke auf &#8222;apply&#8220;.<\/p><\/div>\n\t\t\t\t<\/div>\n\t\t\t\t\t\t\t<div class=\"elementor-accordion-item\">\n\t\t\t\t\t<div id=\"elementor-tab-title-5277\" class=\"elementor-tab-title\" data-tab=\"7\" role=\"button\" aria-controls=\"elementor-tab-content-5277\" aria-expanded=\"false\">\n\t\t\t\t\t\t\t\t\t\t\t\t\t<span class=\"elementor-accordion-icon elementor-accordion-icon-left\" aria-hidden=\"true\">\n\t\t\t\t\t\t\t\t\t\t\t\t\t\t\t<span class=\"elementor-accordion-icon-closed\"><i class=\"fas fa-plus\"><\/i><\/span>\n\t\t\t\t\t\t\t\t<span class=\"elementor-accordion-icon-opened\"><i class=\"fas fa-minus\"><\/i><\/span>\n\t\t\t\t\t\t\t\t\t\t\t\t\t\t<\/span>\n\t\t\t\t\t\t\t\t\t\t\t\t<a class=\"elementor-accordion-title\" tabindex=\"0\">Wie kann ich Partner das agile KMU Forums werden?<\/a>\n\t\t\t\t\t<\/div>\n\t\t\t\t\t<div id=\"elementor-tab-content-5277\" class=\"elementor-tab-content elementor-clearfix\" data-tab=\"7\" role=\"region\" aria-labelledby=\"elementor-tab-title-5277\"><p>Die agile KMU Foren finden mehrmals pro Jahr an verschiedenen Wirtschaftsstandorten der Schweiz statt.<\/p><p>Als Partner kannst Du die Veranstaltungen als Co-Gastgeber f\u00fcr Deine Kunden, Mitarbeitenden oder Mitglieder nutzen.<\/p><p>Wenn Du die mehr \u00fcber die M\u00f6glichkeiten erfahren m\u00f6chtest, dann schicke uns ein Email &#97;&#x6e;\u00a0&#112;&#x61;r&#116;&#x6e;&#x65;&#114;&#x40;&#x61;g&#105;&#x6c;e&#75;&#x4d;&#x55;&#46;&#x63;&#x68;, wir unterhalten uns gerne mit Dir \u00fcber die M\u00f6glichkeiten einer Zusammenarbeit.<\/p><\/div>\n\t\t\t\t<\/div>\n\t\t\t\t\t\t\t\t<\/div>\n\t\t\t\t\t\t<\/div>\n\t\t\t\t<\/div>\n\t\t\t\t\t<\/div>\n\t\t<\/div>\n\t\t\t\t\t<\/div>\n\t\t<\/section>\n\t\t\t\t<section class=\"elementor-section elementor-top-section elementor-element elementor-element-64d4039 elementor-section-boxed elementor-section-height-default elementor-section-height-default\" data-id=\"64d4039\" data-element_type=\"section\" data-e-type=\"section\">\n\t\t\t\t\t\t<div class=\"elementor-container elementor-column-gap-default\">\n\t\t\t\t\t<div class=\"elementor-column elementor-col-100 elementor-top-column elementor-element elementor-element-212b217\" data-id=\"212b217\" data-element_type=\"column\" data-e-type=\"column\">\n\t\t\t<div class=\"elementor-widget-wrap elementor-element-populated\">\n\t\t\t\t\t\t<div class=\"elementor-element elementor-element-4b5afc1 elementor-widget elementor-widget-image\" data-id=\"4b5afc1\" data-element_type=\"widget\" data-e-type=\"widget\" data-widget_type=\"image.default\">\n\t\t\t\t<div class=\"elementor-widget-container\">\n\t\t\t\t\t\t\t\t\t\t\t\t\t\t\t<img decoding=\"async\" width=\"768\" height=\"715\" data-src=\"https:\/\/seitenhub.ch\/agile-events\/wp-content\/uploads\/sites\/14\/2019\/09\/anreise-bahnhof-190912-768x715.jpg\" class=\"attachment-medium_large size-medium_large wp-image-6198 lazyload\" alt=\"Anreise ab Bahnhof Luzern\" data-srcset=\"https:\/\/seitenhub.ch\/agile-events\/wp-content\/uploads\/sites\/14\/2019\/09\/anreise-bahnhof-190912-768x715.jpg 768w, https:\/\/seitenhub.ch\/agile-events\/wp-content\/uploads\/sites\/14\/2019\/09\/anreise-bahnhof-190912-200x186.jpg 200w, https:\/\/seitenhub.ch\/agile-events\/wp-content\/uploads\/sites\/14\/2019\/09\/anreise-bahnhof-190912-1024x954.jpg 1024w, https:\/\/seitenhub.ch\/agile-events\/wp-content\/uploads\/sites\/14\/2019\/09\/anreise-bahnhof-190912.jpg 1513w\" data-sizes=\"(max-width: 768px) 100vw, 768px\" src=\"data:image\/svg+xml;base64,PHN2ZyB3aWR0aD0iMSIgaGVpZ2h0PSIxIiB4bWxucz0iaHR0cDovL3d3dy53My5vcmcvMjAwMC9zdmciPjwvc3ZnPg==\" style=\"--smush-placeholder-width: 768px; --smush-placeholder-aspect-ratio: 768\/715;\" \/>\t\t\t\t\t\t\t\t\t\t\t\t\t\t\t<\/div>\n\t\t\t\t<\/div>\n\t\t\t\t\t<\/div>\n\t\t<\/div>\n\t\t\t\t\t<\/div>\n\t\t<\/section>\n\t\t\t\t<\/div>\n\t\t","protected":false},"excerpt":{"rendered":"<p>Wo findet die Veranstaltung statt? Veranstaltungsort des agile KMU Forums ist die Hochschule Luzern (HSLU), am Hauptbahnhof Luzern: Hochschule Luzern | Inselquai 12 B\u00a0 |\u00a06002 Luzern |\u00a0Lageplan Von wann bis wann dauert die Veranstaltung? T\u00fcr\u00f6ffnung ist um 8.00 Uhr, der eigentliche Start um 8.30 Uhr. Die letzte der \u00fcber den Tag verteilten Workshop-Sessions endet um [&hellip;]<\/p>\n","protected":false},"author":1,"featured_media":0,"parent":5560,"menu_order":0,"comment_status":"closed","ping_status":"closed","template":"","meta":{"footnotes":""},"class_list":["post-5563","page","type-page","status-publish","hentry"],"_links":{"self":[{"href":"https:\/\/seitenhub.ch\/agile-events\/wp-json\/wp\/v2\/pages\/5563","targetHints":{"allow":["GET"]}}],"collection":[{"href":"https:\/\/seitenhub.ch\/agile-events\/wp-json\/wp\/v2\/pages"}],"about":[{"href":"https:\/\/seitenhub.ch\/agile-events\/wp-json\/wp\/v2\/types\/page"}],"author":[{"embeddable":true,"href":"https:\/\/seitenhub.ch\/agile-events\/wp-json\/wp\/v2\/users\/1"}],"replies":[{"embeddable":true,"href":"https:\/\/seitenhub.ch\/agile-events\/wp-json\/wp\/v2\/comments?post=5563"}],"version-history":[{"count":26,"href":"https:\/\/seitenhub.ch\/agile-events\/wp-json\/wp\/v2\/pages\/5563\/revisions"}],"predecessor-version":[{"id":6199,"href":"https:\/\/seitenhub.ch\/agile-events\/wp-json\/wp\/v2\/pages\/5563\/revisions\/6199"}],"up":[{"embeddable":true,"href":"https:\/\/seitenhub.ch\/agile-events\/wp-json\/wp\/v2\/pages\/5560"}],"wp:attachment":[{"href":"https:\/\/seitenhub.ch\/agile-events\/wp-json\/wp\/v2\/media?parent=5563"}],"curies":[{"name":"wp","href":"https:\/\/api.w.org\/{rel}","templated":true}]}}